{"id":295,"date":"2022-09-09T18:21:35","date_gmt":"2022-09-09T18:21:35","guid":{"rendered":"https:\/\/freiesjugendzentrum.de\/?page_id=295"},"modified":"2025-05-21T17:48:34","modified_gmt":"2025-05-21T17:48:34","slug":"uber-uns","status":"publish","type":"page","link":"https:\/\/freiesjugendzentrum.de\/index.php\/uber-uns\/","title":{"rendered":"\u00dcBER UNS"},"content":{"rendered":"\n<div style=\"height:50px\" aria-hidden=\"true\" class=\"wp-block-spacer\"><\/div>\n\n\n\n<p class=\"wp-block-paragraph\">Der Jugendtreff wurde 1982 aus einer privaten Initiative heraus gegr\u00fcndet. Der Tr\u00e4gerverein hat es sich zur Aufgabe gemacht, den Westhofener Jugendlichen einen Freiraum zu bieten, ihre Freizeit sinnvoll zu gestalten und erleben zu k\u00f6nnen. Wir sind ein freier Tr\u00e4ger der Kinder- und Jugendhilfe. Wir sind gemeinn\u00fctzig anerkannt, parteipolitisch unabh\u00e4ngig und \u00fcberkonfessionell.<\/p>\n\n\n\n<div class=\"wp-block-columns is-layout-flex wp-container-core-columns-is-layout-8f761849 wp-block-columns-is-layout-flex\">\n<div class=\"wp-block-column is-layout-flow wp-block-column-is-layout-flow\">\n<div style=\"height:40px\" aria-hidden=\"true\" class=\"wp-block-spacer\"><\/div>\n\n\n\n<figure class=\"wp-block-image size-large\"><img loading=\"lazy\" decoding=\"async\" width=\"1024\" height=\"768\" src=\"https:\/\/freiesjugendzentrum.de\/wp-content\/uploads\/2022\/09\/Startseite-1024x768.jpg\" alt=\"\" class=\"wp-image-1126\" srcset=\"https:\/\/freiesjugendzentrum.de\/wp-content\/uploads\/2022\/09\/Startseite-1024x768.jpg 1024w, https:\/\/freiesjugendzentrum.de\/wp-content\/uploads\/2022\/09\/Startseite-300x225.jpg 300w, https:\/\/freiesjugendzentrum.de\/wp-content\/uploads\/2022\/09\/Startseite-768x576.jpg 768w, https:\/\/freiesjugendzentrum.de\/wp-content\/uploads\/2022\/09\/Startseite-1536x1152.jpg 1536w, https:\/\/freiesjugendzentrum.de\/wp-content\/uploads\/2022\/09\/Startseite-500x375.jpg 500w, https:\/\/freiesjugendzentrum.de\/wp-content\/uploads\/2022\/09\/Startseite-800x600.jpg 800w, https:\/\/freiesjugendzentrum.de\/wp-content\/uploads\/2022\/09\/Startseite-1280x960.jpg 1280w, https:\/\/freiesjugendzentrum.de\/wp-content\/uploads\/2022\/09\/Startseite-1920x1440.jpg 1920w, https:\/\/freiesjugendzentrum.de\/wp-content\/uploads\/2022\/09\/Startseite.jpg 2000w\" sizes=\"auto, (max-width: 1024px) 100vw, 1024px\" \/><\/figure>\n<\/div>\n\n\n\n<div class=\"wp-block-column is-layout-flow wp-block-column-is-layout-flow\">\n<div style=\"height:36px\" aria-hidden=\"true\" class=\"wp-block-spacer\"><\/div>\n\n\n\n<p class=\"wp-block-paragraph\">Wir haben das Ziel, junge Menschen in ihrer individuellen und sozialen Entwicklung zu f\u00f6rdern und dazu beizutragen, Benachteiligungen abzubauen, positive Lebensbedingungen f\u00fcr junge Menschen zu schaffen und sie vor Gefahren zu sch\u00fctzen. <\/p>\n\n\n\n<div style=\"height:10px\" aria-hidden=\"true\" class=\"wp-block-spacer\"><\/div>\n\n\n\n<p class=\"wp-block-paragraph\">In unserer Einrichtung wird das Thema Inklusion gro\u00df geschrieben. Kinder und Jugendliche mit und ohne Behinderung treffen sich im Haus, um gemeinsam Spa\u00df zu haben. Die Besucherinnen und Besucher lernen voneinander, akzeptieren spielerisch St\u00e4rken und Schw\u00e4chen anderer und eignen sich dabei soziale Kompetenzen an.<\/p>\n\n\n\n<div style=\"height:10px\" aria-hidden=\"true\" class=\"wp-block-spacer\"><\/div>\n\n\n\n<p class=\"wp-block-paragraph\">Der Verein hat z.Z. ca. 25 Mitglieder; Vorsitzender ist Hans-Peter Seger. Der Vorstand trifft sich regelm\u00e4\u00dfig mit den Mitarbeitern und ber\u00e4t in kollegialer Weise die Aktivit\u00e4ten des Vereins. <\/p>\n\n\n\n<div style=\"height:10px\" aria-hidden=\"true\" class=\"wp-block-spacer\"><\/div>\n\n\n\n<p class=\"wp-block-paragraph\">Das Jugendzentrum wird finanziert durch Zusch\u00fcsse der Stadt Schwerte, durch Mitgliedsbeitr\u00e4ge, Spenden und Sponsoren. Der Mitgliedsbeitrag betr\u00e4gt 12 \u20ac p.J. <a href=\"https:\/\/freiesjugendzentrum.de\/index.php\/kontakt\/\" data-type=\"page\" data-id=\"1564\">Unterst\u00fctzen auch Sie uns!<\/a><\/p>\n\n\n\n<p class=\"wp-block-paragraph\"><\/p>\n\n\n\n<p class=\"wp-block-paragraph\"><\/p>\n\n\n\n<p class=\"wp-block-paragraph\"><\/p>\n<\/div>\n<\/div>\n\n\n\n<div style=\"height:100px\" aria-hidden=\"true\" class=\"wp-block-spacer\"><\/div>\n","protected":false},"excerpt":{"rendered":"<p>Der Jugendtreff wurde 1982 aus einer privaten Initiative heraus gegr\u00fcndet. Der Tr\u00e4gerverein hat es sich zur Aufgabe gemacht, den Westhofener Jugendlichen einen Freiraum zu bieten, ihre Freizeit sinnvoll zu gestalten&hellip;&nbsp;<a href=\"https:\/\/freiesjugendzentrum.de\/index.php\/uber-uns\/\" class=\"\" rel=\"bookmark\">Weiterlesen &raquo;<span class=\"screen-reader-text\">\u00dcBER UNS<\/span><\/a><\/p>\n","protected":false},"author":1,"featured_media":0,"parent":0,"menu_order":0,"comment_status":"closed","ping_status":"closed","template":"","meta":{"_crdt_document":"","neve_meta_sidebar":"","neve_meta_container":"","neve_meta_enable_content_width":"","neve_meta_content_width":0,"neve_meta_title_alignment":"","neve_meta_author_avatar":"","neve_post_elements_order":"","neve_meta_disable_header":"","neve_meta_disable_footer":"","neve_meta_disable_title":"","_vp_format_video_url":"","_vp_image_focal_point":[],"footnotes":""},"class_list":["post-295","page","type-page","status-publish","hentry"],"_links":{"self":[{"href":"https:\/\/freiesjugendzentrum.de\/index.php\/wp-json\/wp\/v2\/pages\/295","targetHints":{"allow":["GET"]}}],"collection":[{"href":"https:\/\/freiesjugendzentrum.de\/index.php\/wp-json\/wp\/v2\/pages"}],"about":[{"href":"https:\/\/freiesjugendzentrum.de\/index.php\/wp-json\/wp\/v2\/types\/page"}],"author":[{"embeddable":true,"href":"https:\/\/freiesjugendzentrum.de\/index.php\/wp-json\/wp\/v2\/users\/1"}],"replies":[{"embeddable":true,"href":"https:\/\/freiesjugendzentrum.de\/index.php\/wp-json\/wp\/v2\/comments?post=295"}],"version-history":[{"count":53,"href":"https:\/\/freiesjugendzentrum.de\/index.php\/wp-json\/wp\/v2\/pages\/295\/revisions"}],"predecessor-version":[{"id":1647,"href":"https:\/\/freiesjugendzentrum.de\/index.php\/wp-json\/wp\/v2\/pages\/295\/revisions\/1647"}],"wp:attachment":[{"href":"https:\/\/freiesjugendzentrum.de\/index.php\/wp-json\/wp\/v2\/media?parent=295"}],"curies":[{"name":"wp","href":"https:\/\/api.w.org\/{rel}","templated":true}]}}